{"id":2068,"date":"2024-02-08T17:25:10","date_gmt":"2024-02-08T16:25:10","guid":{"rendered":"https:\/\/gelatofantasy.it\/dichiarazione-sulla-privacy-ue\/"},"modified":"2024-03-12T16:50:18","modified_gmt":"2024-03-12T15:50:18","slug":"dichiarazione-sulla-privacy-ue","status":"publish","type":"page","link":"https:\/\/gelatofantasy.it\/es\/dichiarazione-sulla-privacy-ue\/","title":{"rendered":"Declaraci\u00f3n de privacidad (UE)"},"content":{"rendered":"\n<!-- Legal document generated by Complianz | GDPR\/CCPA Cookie Consent https:\/\/wordpress.org\/plugins\/complianz-gdpr -->\n<div id=\"cmplz-document\" class=\"cmplz-document privacy-statement cmplz-document-eu\"><p><i>Esta declaraci\u00f3n de privacidad se actualiz\u00f3 por \u00faltima vez el 8 febrero 2024 y se aplica a los ciudadanos y residentes legales permanentes del Espacio Econ\u00f3mico Europeo y Suiza.<\/i><br \/><br \/><\/p><p><p>En esta declaraci\u00f3n de privacidad, explicamos lo que hacemos con los datos que obtenemos sobre usted a trav\u00e9s de <a href=\"https:\/\/gelatofantasy.it\/es\/\">https:\/\/gelatofantasy.it\/es\/<\/a>. Le recomendamos que lea atentamente esta declaraci\u00f3n. En nuestro tratamiento cumplimos con los requisitos de la legislaci\u00f3n sobre privacidad. Esto significa, entre otras cosas, que:<\/p><ul>\n                <li>indicamos claramente los fines para los que procesamos los datos personales. Hacemos esto por medio de esta declaraci\u00f3n de privacidad.<\/li>\n                <li>nos proponemos limitar nuestra recopilaci\u00f3n de datos personales a los datos personales necesarios para fines leg\u00edtimos;<\/li>\n                <li>en primer lugar, solicitamos su consentimiento expl\u00edcito para el tratamiento de sus datos personales en los casos en que sea necesario.<\/li>\n                <li>tomamos las medidas de seguridad adecuadas para proteger sus datos personales y tambi\u00e9n lo exigimos a las partes que procesan datos personales en nuestro nombre;<\/li>\n                <li>respetamos su derecho a acceder, rectificar o cancelar sus datos personales previa solicitud.<\/li>\n            <\/ul><p>Si tiene alguna pregunta o quiere saber exactamente qu\u00e9 datos guardamos de usted, p\u00f3ngase en contacto con nosotros.<\/p><\/p><h2>1. Prop\u00f3sito, datos y periodo de retenci\u00f3n<\/h2>Podemos recopilar o recibir informaci\u00f3n personal para un n\u00famero de prop\u00f3sitos relacionados con nuestras operaciones comerciales, que pueden incluir lo siguiente: (haga clic para expandir) <details class=\"cmplz-dropdown dropdown-privacy-statement\"><summary><div><h3>1.1 Boletines de noticias<\/h3><\/div><\/summary><p class=\"cmplz-subtitle\">Para ello utilizamos los siguientes datos:<\/p><p><ul><li>Un nombre y apellido<\/li><li>Una direcci\u00f3n de correo electr\u00f3nico<\/li><\/ul><\/p><p class=\"cmplz-subtitle\">La base sobre la que podemos procesar estos datos es:<\/p><p><a target=\"_blank\" rel=\"noopener noreferrer nofollow\" href=\"https:\/\/cookiedatabase.org\/legal-bases\/#consent\">Tras la prestaci\u00f3n del consentimiento. <\/a><\/p><p class=\"cmplz-subtitle\">Per\u00edodo de retenci\u00f3n<\/p><p>Retendremos estos datos hasta que el servicio sea cancelado.<\/p><\/details><details class=\"cmplz-dropdown dropdown-privacy-statement\"><summary><div><h3>1.2 Contacto - Por tel\u00e9fono, correo, correo electr\u00f3nico y\/o formularios en el sitio<\/h3><\/div><\/summary><p class=\"cmplz-subtitle\">Para ello utilizamos los siguientes datos:<\/p><p><ul><li>Un nombre y apellido<\/li><li>Una direcci\u00f3n de correo electr\u00f3nico<\/li><\/ul><\/p><p class=\"cmplz-subtitle\">La base sobre la que podemos procesar estos datos es:<\/p><p><a target=\"_blank\" rel=\"noopener noreferrer nofollow\" href=\"https:\/\/cookiedatabase.org\/legal-bases\/#consent\">Tras la prestaci\u00f3n del consentimiento. <\/a><\/p><p class=\"cmplz-subtitle\">Per\u00edodo de retenci\u00f3n<\/p><p>Retendremos estos datos hasta que el servicio sea cancelado.<\/p><\/details><details class=\"cmplz-dropdown dropdown-privacy-statement\"><summary><div><h3>1.3 Recopilaci\u00f3n y an\u00e1lisis de estad\u00edsticas para la mejora de la web.<\/h3><\/div><\/summary><p class=\"cmplz-subtitle\">Para ello utilizamos los siguientes datos:<\/p><p><ul><li>Direcci\u00f3n IP<\/li><li>Informaci\u00f3n sobre la actividad en internet, incluyendo, pero sin limitarse a, el historial de navegaci\u00f3n, el historial de b\u00fasqueda y la informaci\u00f3n relacionada con la interacci\u00f3n de un consumidor con una web, aplicaci\u00f3n o anuncio en internet<\/li><\/ul><\/p><p class=\"cmplz-subtitle\">La base sobre la que podemos procesar estos datos es:<\/p><p><a target=\"_blank\" rel=\"noopener noreferrer nofollow\" href=\"https:\/\/cookiedatabase.org\/legal-bases\/#consent\">Tras la prestaci\u00f3n del consentimiento. <\/a><\/p><p class=\"cmplz-subtitle\">Per\u00edodo de retenci\u00f3n<\/p><p>Retendremos estos datos hasta que el servicio sea cancelado.<\/p><\/details><h2>2. Compartir con otras partes<\/h2><p>S\u00f3lo compartimos o divulgamos estos datos a los encargados del tratamiento de datos para los siguientes prop\u00f3sitos:<\/p><p class=\"cmplz-subtitle\">Encargados del tratamiento de datos<\/p><p><b>Nombre:<\/b>&nbsp;E42 SRL<br \/>\n            <b>Pa\u00eds:<\/b>&nbsp;Italia<br \/>\n            <b>Prop\u00f3sito:<\/b>&nbsp;Hosting<br \/>\n            <b>Nombre:<\/b>&nbsp;Google Ireland Limited<br \/>\n            <b>Pa\u00eds:<\/b>&nbsp;Irlanda<br \/>\n            <b>Prop\u00f3sito:<\/b>&nbsp;creare approfondimenti intelligenti, rilevare e rimuovere dati fraudolenti come lo spam e offrire prodotti come i rapporti ottimizzati<br \/>\n            <\/p><h2>3. Cookies<\/h2><p>Nuestra web utiliza cookies. Para m\u00e1s informaci\u00f3n acerca de las cookies, por favor consulte nuestra <a href=\"https:\/\/gelatofantasy.it\/es\/cookie-policy-ue\/\">Pol\u00edtica de cookies<\/a>.&nbsp;<\/p><h2>4. Pr\u00e1cticas de divulgaci\u00f3n<\/h2><p><p>Divulgamos informaci\u00f3n personal si nos lo exige la ley o una orden judicial, en respuesta a un organismo encargado de hacer cumplir la ley, en la medida en que lo permitan otras disposiciones legales, para proporcionar informaci\u00f3n o para una investigaci\u00f3n sobre un asunto relacionado con la seguridad p\u00fablica.<\/p><p>Si nuestro sitio web o nuestra organizaci\u00f3n son adquiridos, vendidos o participan en una fusi\u00f3n o adquisici\u00f3n, sus datos podr\u00e1n ser revelados a nuestros asesores y a los posibles compradores, y se transmitir\u00e1n a los nuevos propietarios.<\/p><\/p><p>Tenemos un Acuerdo de procesamiento de datos con Google.<\/p><p>Google no puede utilizar los datos para otros servicios de Google.<\/p><p>La inclusi\u00f3n de direcciones IP completas est\u00e1 bloqueada por nosotros.<\/p><h2>5. Seguridad<\/h2><p>Estamos comprometidos con la seguridad de los datos personales. Tomamos las medidas de seguridad adecuadas para limitar el abuso y el acceso no autorizado a los datos personales. Esto asegura que s\u00f3lo las personas necesarias tengan acceso a sus datos, que el acceso a los datos est\u00e9 protegido y que nuestras medidas de seguridad sean revisadas regularmente.<\/p><h2>6. Webs de terceros<\/h2><p>Esta declaraci\u00f3n de privacidad no se aplica a las webs de terceros conectados mediante enlaces en nuestra web. No podemos garantizar que estas terceras partes manejen sus datos personales de forma fiable o segura. Le recomendamos que lea las declaraciones de privacidad de estas webs antes de utilizarlos.<\/p><h2>7. Modificaciones de esta declaraci\u00f3n de privacidad<\/h2><p>Nos reservamos el derecho de hacer enmiendas a esta declaraci\u00f3n de privacidad. Se recomienda que consulte esta declaraci\u00f3n de privacidad regularmente para estar al tanto de cualquier cambio. Adem\u00e1s, le informaremos activamente siempre que sea posible.<\/p><h2>8. Acceso y modificaci\u00f3n de sus datos<\/h2><p>Si tiene alguna pregunta o desea saber qu\u00e9 datos personales tenemos sobre usted, p\u00f3ngase en contacto con nosotros. Puede ponerse en contacto con nosotros utilizando la siguiente informaci\u00f3n. Usted tiene los siguientes derechos:<\/p><ul>\n                <li>Usted tiene derecho a saber por qu\u00e9 se necesitan sus datos personales, qu\u00e9 pasar\u00e1 con ellos y durante cu\u00e1nto tiempo se conservar\u00e1n.<\/li>\n                <li>Derecho de acceso: Tiene derecho a acceder a los datos personales que conocemos sobre usted.<\/li>\n                <li>Derecho de rectificaci\u00f3n: tiene derecho a completar, rectificar, borrar o bloquear sus datos personales cuando lo desee.<\/li>\n                <li>Si usted nos da su consentimiento para procesar sus datos, tiene derecho a revocar dicho consentimiento y a que se eliminen sus datos personales.<\/li>\n                <li>Derecho de cesi\u00f3n de sus datos: tiene derecho a solicitar todos sus datos personales al responsable y a transferirlos \u00edntegramente a otro responsable del tratamiento de datos.<\/li>\n                <li>Derecho de oposici\u00f3n: usted puede oponerse al tratamiento de sus datos. Nosotros cumplimos con esto, a menos que existan motivos justificados para el tratamiento.<\/li>\n            <\/ul><p>Por favor, aseg\u00farese de indicar siempre claramente qui\u00e9n es usted, para que podamos estar seguros de que no modificamos o eliminamos ning\u00fan dato de la persona equivocada.<\/p><h2>9. Enviando una reclamaci\u00f3n<\/h2><p>Si no est\u00e1 satisfecho con la forma en que tratamos o procesamos sus datos personales, tiene derecho a presentar una queja a la Autoridad de protecci\u00f3n de datos.<\/p><h2>10. Datos de contacto<\/h2><p>Gelato Fantasy<br \/>\n        San Marco 929, Venezia<br \/>\n        Italia<br \/>\n        Web: <a href=\"https:\/\/gelatofantasy.it\/es\/\">https:\/\/gelatofantasy.it\/es\/<\/a> <br \/>\n        Correo electr\u00f3nico: <span class=\"cmplz-obfuscate\">gel&#097;t&#111;fa&#110;&#116;&#097;&#115;y@<span class=\"cmplz-fmail-domain\">ex.&#099;o&#109;<\/span>&#108;&#105;b&#101;r&#111;.i&#116;<\/span> <br \/>\n        N\u00famero de tel\u00e9fono: +39 041 5225993<\/p><h2>Anexo<\/h2><p><h2>WPML<\/h2><p>WPML utilizza i cookie per identificare la lingua del visitatore corrente, quella dell'ultima visita e quella degli utenti che hanno effettuato l'accesso.<\/p><p>Quando si utilizza il plugin, WPML condivider\u00e0 i dati relativi al sito tramite il programma di installazione. Non verr\u00e0 condiviso nessun dato personale dell'utente.<\/p><h2>MailPoet<\/h2><h2>Newsletter e email di MailPoet<\/h2><p>Se hai fatto l'iscrizione alla nostra newsletter, o sei membro del nostro sito web (cio\u00e8 puoi accedervi), o hai fatto acquisti sul nostro sito, \u00e8 probabile che tu riceva le nostre email.<\/p><p>Noi ti manderemo solo le email per le quali ti sei iscritto, o che hanno a che fare con i servizi che ti abbiamo offerto.<\/p><p>Per mandarti queste email, usiamo il nome e l'indirizzo email che ci hai fornito. Il nostro sito, inoltre, registra l'indirizzo IP che hai usato quando ti sei iscritto al servizio per prevenire abusi del sistema.<\/p><p>Questo sito pu\u00f2 inviare email attraverso il <a href=\"https:\/\/www.mailpoet.com\/privacy-notice\/\">Sending Service di MailPoet<\/a>. Questo servizio ci permette di monitorare le aperture e i clic sulle nostre email. Utilizziamo questi dati per migliorare il contenuto delle nostre newsletter.<\/p><p>Al di fuori di questo sito web, nessuna informazione identificabile \u00e8 tracciata in alcun modo, ad eccezione dell'indirizzo email.<\/p><h2>WPML Translation Management<\/h2><p>WPML Translation Management invier\u00e0 l'indirizzo e-mail e il nome di ciascun responsabile e traduttore assegnato, nonch\u00e9 gli stessi contenuti all'editor di traduzione avanzato e ai servizi di traduzione utilizzati.<\/p><h2>WPML String Translation<\/h2><p>WPML String Translation invier\u00e0 tutte le stringhe all'editor di traduzione avanzato di WPML e ai servizi di traduzione utilizzati.<\/p><\/p><\/div>\n","protected":false},"excerpt":{"rendered":"","protected":false},"author":1,"featured_media":0,"parent":0,"menu_order":0,"comment_status":"closed","ping_status":"closed","template":"","meta":{"footnotes":""},"class_list":["post-2068","page","type-page","status-publish","hentry"],"yoast_head":"<!-- This site is optimized with the Yoast SEO plugin v24.7 - https:\/\/yoast.com\/wordpress\/plugins\/seo\/ -->\n<title>Declaraci\u00f3n de privacidad (UE) - Gelato Fantasy<\/title>\n<meta name=\"robots\" content=\"noindex, follow\" \/>\n<meta property=\"og:locale\" content=\"es_ES\" \/>\n<meta property=\"og:type\" content=\"article\" \/>\n<meta property=\"og:title\" content=\"Declaraci\u00f3n de privacidad (UE) - Gelato Fantasy\" \/>\n<meta property=\"og:url\" content=\"https:\/\/gelatofantasy.it\/es\/dichiarazione-sulla-privacy-ue\/\" \/>\n<meta property=\"og:site_name\" content=\"Gelato Fantasy\" \/>\n<meta property=\"article:modified_time\" content=\"2024-03-12T15:50:18+00:00\" \/>\n<meta property=\"og:image\" content=\"https:\/\/gelatofantasy.it\/wp-content\/uploads\/2024\/02\/Logo-Gelato-Fantasy-tondo.png\" \/>\n\t<meta property=\"og:image:width\" content=\"400\" \/>\n\t<meta property=\"og:image:height\" content=\"394\" \/>\n\t<meta property=\"og:image:type\" content=\"image\/png\" \/>\n<meta name=\"twitter:card\" content=\"summary_large_image\" \/>\n<meta name=\"twitter:label1\" content=\"Tiempo de lectura\" \/>\n\t<meta name=\"twitter:data1\" content=\"1 minuto\" \/>\n<script type=\"application\/ld+json\" class=\"yoast-schema-graph\">{\"@context\":\"https:\/\/schema.org\",\"@graph\":[{\"@type\":\"WebPage\",\"@id\":\"https:\/\/gelatofantasy.it\/es\/dichiarazione-sulla-privacy-ue\/\",\"url\":\"https:\/\/gelatofantasy.it\/es\/dichiarazione-sulla-privacy-ue\/\",\"name\":\"Declaraci\u00f3n de privacidad (UE) - Gelato Fantasy\",\"isPartOf\":{\"@id\":\"https:\/\/gelatofantasy.it\/es\/#website\"},\"datePublished\":\"2024-02-08T16:25:10+00:00\",\"dateModified\":\"2024-03-12T15:50:18+00:00\",\"breadcrumb\":{\"@id\":\"https:\/\/gelatofantasy.it\/es\/dichiarazione-sulla-privacy-ue\/#breadcrumb\"},\"inLanguage\":\"es\",\"potentialAction\":[{\"@type\":\"ReadAction\",\"target\":[\"https:\/\/gelatofantasy.it\/es\/dichiarazione-sulla-privacy-ue\/\"]}]},{\"@type\":\"BreadcrumbList\",\"@id\":\"https:\/\/gelatofantasy.it\/es\/dichiarazione-sulla-privacy-ue\/#breadcrumb\",\"itemListElement\":[{\"@type\":\"ListItem\",\"position\":1,\"name\":\"Home\",\"item\":\"https:\/\/gelatofantasy.it\/es\/\"},{\"@type\":\"ListItem\",\"position\":2,\"name\":\"Declaraci\u00f3n de privacidad (UE)\"}]},{\"@type\":\"WebSite\",\"@id\":\"https:\/\/gelatofantasy.it\/es\/#website\",\"url\":\"https:\/\/gelatofantasy.it\/es\/\",\"name\":\"Gelato Fantasy\",\"description\":\"Gelateria Artigianale a Venezia\",\"publisher\":{\"@id\":\"https:\/\/gelatofantasy.it\/es\/#organization\"},\"potentialAction\":[{\"@type\":\"SearchAction\",\"target\":{\"@type\":\"EntryPoint\",\"urlTemplate\":\"https:\/\/gelatofantasy.it\/es\/?s={search_term_string}\"},\"query-input\":{\"@type\":\"PropertyValueSpecification\",\"valueRequired\":true,\"valueName\":\"search_term_string\"}}],\"inLanguage\":\"es\"},{\"@type\":\"Organization\",\"@id\":\"https:\/\/gelatofantasy.it\/es\/#organization\",\"name\":\"Gelato Fantasy\",\"url\":\"https:\/\/gelatofantasy.it\/es\/\",\"logo\":{\"@type\":\"ImageObject\",\"inLanguage\":\"es\",\"@id\":\"https:\/\/gelatofantasy.it\/es\/#\/schema\/logo\/image\/\",\"url\":\"https:\/\/gelatofantasy.it\/wp-content\/uploads\/2024\/04\/Logo-Gelato-Fantasy-2024-Finale-Stampa-A3-Tracciati-Vettoriale-white-2.png\",\"contentUrl\":\"https:\/\/gelatofantasy.it\/wp-content\/uploads\/2024\/04\/Logo-Gelato-Fantasy-2024-Finale-Stampa-A3-Tracciati-Vettoriale-white-2.png\",\"width\":400,\"height\":293,\"caption\":\"Gelato Fantasy\"},\"image\":{\"@id\":\"https:\/\/gelatofantasy.it\/es\/#\/schema\/logo\/image\/\"}}]}<\/script>\n<!-- \/ Yoast SEO plugin. -->","yoast_head_json":{"title":"Declaraci\u00f3n de privacidad (UE) - Gelato Fantasy","robots":{"index":"noindex","follow":"follow"},"og_locale":"es_ES","og_type":"article","og_title":"Declaraci\u00f3n de privacidad (UE) - Gelato Fantasy","og_url":"https:\/\/gelatofantasy.it\/es\/dichiarazione-sulla-privacy-ue\/","og_site_name":"Gelato Fantasy","article_modified_time":"2024-03-12T15:50:18+00:00","og_image":[{"width":400,"height":394,"url":"https:\/\/gelatofantasy.it\/wp-content\/uploads\/2024\/02\/Logo-Gelato-Fantasy-tondo.png","type":"image\/png"}],"twitter_card":"summary_large_image","twitter_misc":{"Tiempo de lectura":"1 minuto"},"schema":{"@context":"https:\/\/schema.org","@graph":[{"@type":"WebPage","@id":"https:\/\/gelatofantasy.it\/es\/dichiarazione-sulla-privacy-ue\/","url":"https:\/\/gelatofantasy.it\/es\/dichiarazione-sulla-privacy-ue\/","name":"Declaraci\u00f3n de privacidad (UE) - Gelato Fantasy","isPartOf":{"@id":"https:\/\/gelatofantasy.it\/es\/#website"},"datePublished":"2024-02-08T16:25:10+00:00","dateModified":"2024-03-12T15:50:18+00:00","breadcrumb":{"@id":"https:\/\/gelatofantasy.it\/es\/dichiarazione-sulla-privacy-ue\/#breadcrumb"},"inLanguage":"es","potentialAction":[{"@type":"ReadAction","target":["https:\/\/gelatofantasy.it\/es\/dichiarazione-sulla-privacy-ue\/"]}]},{"@type":"BreadcrumbList","@id":"https:\/\/gelatofantasy.it\/es\/dichiarazione-sulla-privacy-ue\/#breadcrumb","itemListElement":[{"@type":"ListItem","position":1,"name":"Home","item":"https:\/\/gelatofantasy.it\/es\/"},{"@type":"ListItem","position":2,"name":"Declaraci\u00f3n de privacidad (UE)"}]},{"@type":"WebSite","@id":"https:\/\/gelatofantasy.it\/es\/#website","url":"https:\/\/gelatofantasy.it\/es\/","name":"Gelato Fantasy","description":"Gelateria Artigianale a Venezia","publisher":{"@id":"https:\/\/gelatofantasy.it\/es\/#organization"},"potentialAction":[{"@type":"SearchAction","target":{"@type":"EntryPoint","urlTemplate":"https:\/\/gelatofantasy.it\/es\/?s={search_term_string}"},"query-input":{"@type":"PropertyValueSpecification","valueRequired":true,"valueName":"search_term_string"}}],"inLanguage":"es"},{"@type":"Organization","@id":"https:\/\/gelatofantasy.it\/es\/#organization","name":"Gelato Fantasy","url":"https:\/\/gelatofantasy.it\/es\/","logo":{"@type":"ImageObject","inLanguage":"es","@id":"https:\/\/gelatofantasy.it\/es\/#\/schema\/logo\/image\/","url":"https:\/\/gelatofantasy.it\/wp-content\/uploads\/2024\/04\/Logo-Gelato-Fantasy-2024-Finale-Stampa-A3-Tracciati-Vettoriale-white-2.png","contentUrl":"https:\/\/gelatofantasy.it\/wp-content\/uploads\/2024\/04\/Logo-Gelato-Fantasy-2024-Finale-Stampa-A3-Tracciati-Vettoriale-white-2.png","width":400,"height":293,"caption":"Gelato Fantasy"},"image":{"@id":"https:\/\/gelatofantasy.it\/es\/#\/schema\/logo\/image\/"}}]}},"_links":{"self":[{"href":"https:\/\/gelatofantasy.it\/es\/wp-json\/wp\/v2\/pages\/2068","targetHints":{"allow":["GET"]}}],"collection":[{"href":"https:\/\/gelatofantasy.it\/es\/wp-json\/wp\/v2\/pages"}],"about":[{"href":"https:\/\/gelatofantasy.it\/es\/wp-json\/wp\/v2\/types\/page"}],"author":[{"embeddable":true,"href":"https:\/\/gelatofantasy.it\/es\/wp-json\/wp\/v2\/users\/1"}],"replies":[{"embeddable":true,"href":"https:\/\/gelatofantasy.it\/es\/wp-json\/wp\/v2\/comments?post=2068"}],"version-history":[{"count":1,"href":"https:\/\/gelatofantasy.it\/es\/wp-json\/wp\/v2\/pages\/2068\/revisions"}],"predecessor-version":[{"id":2132,"href":"https:\/\/gelatofantasy.it\/es\/wp-json\/wp\/v2\/pages\/2068\/revisions\/2132"}],"wp:attachment":[{"href":"https:\/\/gelatofantasy.it\/es\/wp-json\/wp\/v2\/media?parent=2068"}],"curies":[{"name":"wp","href":"https:\/\/api.w.org\/{rel}","templated":true}]}}