{"id":2550,"date":"2023-06-20T12:31:07","date_gmt":"2023-06-20T10:31:07","guid":{"rendered":"https:\/\/gelatofantasy.it\/blog\/"},"modified":"2025-11-11T17:05:45","modified_gmt":"2025-11-11T16:05:45","slug":"blog","status":"publish","type":"page","link":"https:\/\/gelatofantasy.it\/es\/blog\/","title":{"rendered":"Blog"},"content":{"rendered":"\t\t<div data-elementor-type=\"wp-page\" data-elementor-id=\"2550\" class=\"elementor elementor-2550\" data-elementor-post-type=\"page\">\n\t\t\t\t<div class=\"elementor-element elementor-element-4be3f29 e-flex e-con-boxed e-con e-parent\" data-id=\"4be3f29\" data-element_type=\"container\" data-e-type=\"container\">\n\t\t\t\t\t<div class=\"e-con-inner\">\n\t\t<div class=\"elementor-element elementor-element-deb79c2 e-con-full e-flex e-con e-child\" data-id=\"deb79c2\" data-element_type=\"container\" data-e-type=\"container\">\n\t\t\t\t<div class=\"elementor-element elementor-element-c4760aa elementor-widget elementor-widget-template\" data-id=\"c4760aa\" data-element_type=\"widget\" data-e-type=\"widget\" data-widget_type=\"template.default\">\n\t\t\t\t<div class=\"elementor-widget-container\">\n\t\t\t\t\t\t\t<div class=\"elementor-template\">\n\t\t\t\t\t<div data-elementor-type=\"archive\" data-elementor-id=\"2548\" class=\"elementor elementor-2548\" data-elementor-post-type=\"elementor_library\">\n\t\t\t<div class=\"elementor-element elementor-element-247d2c3 e-flex e-con-boxed e-con e-parent\" data-id=\"247d2c3\" data-element_type=\"container\" data-e-type=\"container\">\n\t\t\t\t\t<div class=\"e-con-inner\">\n\t\t<div class=\"elementor-element elementor-element-457ba68 e-con-full e-flex e-con e-child\" data-id=\"457ba68\" data-element_type=\"container\" data-e-type=\"container\">\n\t\t\t\t<div class=\"elementor-element elementor-element-e73fd90 elementor-widget elementor-widget-heading\" data-id=\"e73fd90\" data-element_type=\"widget\" data-e-type=\"widget\" data-widget_type=\"heading.default\">\n\t\t\t\t<div class=\"elementor-widget-container\">\n\t\t\t\t\t<h1 class=\"elementor-heading-title elementor-size-default\">Blog<\/h1>\t\t\t\t<\/div>\n\t\t\t\t<\/div>\n\t\t\t\t<div class=\"elementor-element elementor-element-2aeaaf1 elementor-grid-3 elementor-grid-tablet-2 elementor-grid-mobile-1 elementor-posts--thumbnail-top elementor-card-shadow-yes elementor-posts__hover-gradient elementor-widget elementor-widget-posts\" data-id=\"2aeaaf1\" data-element_type=\"widget\" data-e-type=\"widget\" data-settings=\"{&quot;pagination_type&quot;:&quot;load_more_infinite_scroll&quot;,&quot;cards_columns&quot;:&quot;3&quot;,&quot;cards_columns_tablet&quot;:&quot;2&quot;,&quot;cards_columns_mobile&quot;:&quot;1&quot;,&quot;cards_row_gap&quot;:{&quot;unit&quot;:&quot;px&quot;,&quot;size&quot;:35,&quot;sizes&quot;:[]},&quot;cards_row_gap_tablet&quot;:{&quot;unit&quot;:&quot;px&quot;,&quot;size&quot;:&quot;&quot;,&quot;sizes&quot;:[]},&quot;cards_row_gap_mobile&quot;:{&quot;unit&quot;:&quot;px&quot;,&quot;size&quot;:&quot;&quot;,&quot;sizes&quot;:[]},&quot;load_more_spinner&quot;:{&quot;value&quot;:&quot;fas fa-spinner&quot;,&quot;library&quot;:&quot;fa-solid&quot;}}\" data-widget_type=\"posts.cards\">\n\t\t\t\t<div class=\"elementor-widget-container\">\n\t\t\t\t\t\t\t<div class=\"elementor-posts-container elementor-posts elementor-posts--skin-cards elementor-grid\">\n\t\t\t\t<article class=\"elementor-post elementor-grid-item post-3001 post type-post status-publish format-standard has-post-thumbnail hentry category-news\">\n\t\t\t<div class=\"elementor-post__card\">\n\t\t\t\t<a class=\"elementor-post__thumbnail__link\" href=\"https:\/\/gelatofantasy.it\/es\/news\/gelato-alla-rosa-a-venezia-una-nuova-proposta-da-gelato-fantasy-per-il-bocolo\/\" tabindex=\"-1\" ><div class=\"elementor-post__thumbnail\"><img fetchpriority=\"high\" decoding=\"async\" width=\"300\" height=\"200\" src=\"https:\/\/gelatofantasy.it\/wp-content\/uploads\/2026\/04\/GelatoAllaRosaAvenezia-1-300x200.jpg\" class=\"attachment-medium size-medium wp-image-2995\" alt=\"\" srcset=\"https:\/\/gelatofantasy.it\/wp-content\/uploads\/2026\/04\/GelatoAllaRosaAvenezia-1-300x200.jpg 300w, https:\/\/gelatofantasy.it\/wp-content\/uploads\/2026\/04\/GelatoAllaRosaAvenezia-1-1024x683.jpg 1024w, https:\/\/gelatofantasy.it\/wp-content\/uploads\/2026\/04\/GelatoAllaRosaAvenezia-1-768x512.jpg 768w, https:\/\/gelatofantasy.it\/wp-content\/uploads\/2026\/04\/GelatoAllaRosaAvenezia-1.jpg 1200w\" sizes=\"(max-width: 300px) 100vw, 300px\" \/><\/div><\/a>\n\t\t\t\t<div class=\"elementor-post__text\">\n\t\t\t\t<h3 class=\"elementor-post__title\">\n\t\t\t<a href=\"https:\/\/gelatofantasy.it\/es\/news\/gelato-alla-rosa-a-venezia-una-nuova-proposta-da-gelato-fantasy-per-il-bocolo\/\" >\n\t\t\t\tHelado de rosa en Venecia: una nueva propuesta de Gelato Fantasy para el B\u00f2colo\t\t\t<\/a>\n\t\t<\/h3>\n\t\t\n\t\t<a class=\"elementor-post__read-more\" href=\"https:\/\/gelatofantasy.it\/es\/news\/gelato-alla-rosa-a-venezia-una-nuova-proposta-da-gelato-fantasy-per-il-bocolo\/\" aria-label=\"M\u00e1s informaci\u00f3n sobre Helado de rosa en Venecia: una nueva propuesta de Gelato Fantasy para el B\u00f2colo\" tabindex=\"-1\" >\n\t\t\tsaber m\u00e1s \u00bb\t\t<\/a>\n\n\t\t\t\t<\/div>\n\t\t\t\t<div class=\"elementor-post__meta-data\">\n\t\t\t\t\t<span class=\"elementor-post-date\">\n\t\t\t24 abril 2026\t\t<\/span>\n\t\t\t\t<\/div>\n\t\t\t\t\t<\/div>\n\t\t<\/article>\n\t\t\t\t<article class=\"elementor-post elementor-grid-item post-2985 post type-post status-publish format-standard has-post-thumbnail hentry category-news\">\n\t\t\t<div class=\"elementor-post__card\">\n\t\t\t\t<a class=\"elementor-post__thumbnail__link\" href=\"https:\/\/gelatofantasy.it\/es\/news\/reapertura-gelato-fantasy-2026\/\" tabindex=\"-1\" ><div class=\"elementor-post__thumbnail\"><img decoding=\"async\" width=\"300\" height=\"200\" src=\"https:\/\/gelatofantasy.it\/wp-content\/uploads\/2026\/03\/RiaperturaGelatoFantasy-1-300x200.jpg\" class=\"attachment-medium size-medium wp-image-2975\" alt=\"\" srcset=\"https:\/\/gelatofantasy.it\/wp-content\/uploads\/2026\/03\/RiaperturaGelatoFantasy-1-300x200.jpg 300w, https:\/\/gelatofantasy.it\/wp-content\/uploads\/2026\/03\/RiaperturaGelatoFantasy-1-1024x683.jpg 1024w, https:\/\/gelatofantasy.it\/wp-content\/uploads\/2026\/03\/RiaperturaGelatoFantasy-1-768x512.jpg 768w, https:\/\/gelatofantasy.it\/wp-content\/uploads\/2026\/03\/RiaperturaGelatoFantasy-1.jpg 1200w\" sizes=\"(max-width: 300px) 100vw, 300px\" \/><\/div><\/a>\n\t\t\t\t<div class=\"elementor-post__text\">\n\t\t\t\t<h3 class=\"elementor-post__title\">\n\t\t\t<a href=\"https:\/\/gelatofantasy.it\/es\/news\/reapertura-gelato-fantasy-2026\/\" >\n\t\t\t\tReapertura Gelato Fantasy 2026\t\t\t<\/a>\n\t\t<\/h3>\n\t\t\n\t\t<a class=\"elementor-post__read-more\" href=\"https:\/\/gelatofantasy.it\/es\/news\/reapertura-gelato-fantasy-2026\/\" aria-label=\"M\u00e1s informaci\u00f3n sobre Reapertura Gelato Fantasy 2026\" tabindex=\"-1\" >\n\t\t\tsaber m\u00e1s \u00bb\t\t<\/a>\n\n\t\t\t\t<\/div>\n\t\t\t\t<div class=\"elementor-post__meta-data\">\n\t\t\t\t\t<span class=\"elementor-post-date\">\n\t\t\t27 marzo 2026\t\t<\/span>\n\t\t\t\t<\/div>\n\t\t\t\t\t<\/div>\n\t\t<\/article>\n\t\t\t\t<article class=\"elementor-post elementor-grid-item post-2968 post type-post status-publish format-standard has-post-thumbnail hentry category-news\">\n\t\t\t<div class=\"elementor-post__card\">\n\t\t\t\t<a class=\"elementor-post__thumbnail__link\" href=\"https:\/\/gelatofantasy.it\/es\/news\/atmosfera-natalizia-da-gelato-fantasy-decorazioni-sorprese-e-nuovi-gusti-per-il-periodo-piu-atteso-dellanno\/\" tabindex=\"-1\" ><div class=\"elementor-post__thumbnail\"><img decoding=\"async\" width=\"300\" height=\"200\" src=\"https:\/\/gelatofantasy.it\/wp-content\/uploads\/2025\/12\/AtmosferaNatalizia-Copertina-300x200.jpg\" class=\"attachment-medium size-medium wp-image-2959\" alt=\"\" srcset=\"https:\/\/gelatofantasy.it\/wp-content\/uploads\/2025\/12\/AtmosferaNatalizia-Copertina-300x200.jpg 300w, https:\/\/gelatofantasy.it\/wp-content\/uploads\/2025\/12\/AtmosferaNatalizia-Copertina-1024x683.jpg 1024w, https:\/\/gelatofantasy.it\/wp-content\/uploads\/2025\/12\/AtmosferaNatalizia-Copertina-768x512.jpg 768w, https:\/\/gelatofantasy.it\/wp-content\/uploads\/2025\/12\/AtmosferaNatalizia-Copertina.jpg 1200w\" sizes=\"(max-width: 300px) 100vw, 300px\" \/><\/div><\/a>\n\t\t\t\t<div class=\"elementor-post__text\">\n\t\t\t\t<h3 class=\"elementor-post__title\">\n\t\t\t<a href=\"https:\/\/gelatofantasy.it\/es\/news\/atmosfera-natalizia-da-gelato-fantasy-decorazioni-sorprese-e-nuovi-gusti-per-il-periodo-piu-atteso-dellanno\/\" >\n\t\t\t\tAmbiente navide\u00f1o en Gelato Fantasy: adornos, sorpresas y nuevos sabores para la \u00e9poca m\u00e1s esperada del a\u00f1o\t\t\t<\/a>\n\t\t<\/h3>\n\t\t\n\t\t<a class=\"elementor-post__read-more\" href=\"https:\/\/gelatofantasy.it\/es\/news\/atmosfera-natalizia-da-gelato-fantasy-decorazioni-sorprese-e-nuovi-gusti-per-il-periodo-piu-atteso-dellanno\/\" aria-label=\"M\u00e1s informaci\u00f3n sobre Ambiente navide\u00f1o en Gelato Fantasy: adornos, sorpresas y nuevos sabores para la \u00e9poca m\u00e1s esperada del a\u00f1o\" tabindex=\"-1\" >\n\t\t\tsaber m\u00e1s \u00bb\t\t<\/a>\n\n\t\t\t\t<\/div>\n\t\t\t\t<div class=\"elementor-post__meta-data\">\n\t\t\t\t\t<span class=\"elementor-post-date\">\n\t\t\t9 diciembre 2025\t\t<\/span>\n\t\t\t\t<\/div>\n\t\t\t\t\t<\/div>\n\t\t<\/article>\n\t\t\t\t<article class=\"elementor-post elementor-grid-item post-2941 post type-post status-publish format-standard has-post-thumbnail hentry category-news\">\n\t\t\t<div class=\"elementor-post__card\">\n\t\t\t\t<a class=\"elementor-post__thumbnail__link\" href=\"https:\/\/gelatofantasy.it\/es\/news\/gelato-fantasy-san-marco-929-aperti-tutto-linverno-fino-al-6-gennaio-2026\/\" tabindex=\"-1\" ><div class=\"elementor-post__thumbnail\"><img loading=\"lazy\" decoding=\"async\" width=\"300\" height=\"200\" src=\"https:\/\/gelatofantasy.it\/wp-content\/uploads\/2025\/11\/AperturaInvernale-Copertina-300x200.jpg\" class=\"attachment-medium size-medium wp-image-2933\" alt=\"\" srcset=\"https:\/\/gelatofantasy.it\/wp-content\/uploads\/2025\/11\/AperturaInvernale-Copertina-300x200.jpg 300w, https:\/\/gelatofantasy.it\/wp-content\/uploads\/2025\/11\/AperturaInvernale-Copertina-1024x683.jpg 1024w, https:\/\/gelatofantasy.it\/wp-content\/uploads\/2025\/11\/AperturaInvernale-Copertina-768x512.jpg 768w, https:\/\/gelatofantasy.it\/wp-content\/uploads\/2025\/11\/AperturaInvernale-Copertina.jpg 1200w\" sizes=\"(max-width: 300px) 100vw, 300px\" \/><\/div><\/a>\n\t\t\t\t<div class=\"elementor-post__text\">\n\t\t\t\t<h3 class=\"elementor-post__title\">\n\t\t\t<a href=\"https:\/\/gelatofantasy.it\/es\/news\/gelato-fantasy-san-marco-929-aperti-tutto-linverno-fino-al-6-gennaio-2026\/\" >\n\t\t\t\tGelato Fantasy San Marco 929: tenemos abierto todo el invierno hasta el 6 de enero 2026\t\t\t<\/a>\n\t\t<\/h3>\n\t\t\n\t\t<a class=\"elementor-post__read-more\" href=\"https:\/\/gelatofantasy.it\/es\/news\/gelato-fantasy-san-marco-929-aperti-tutto-linverno-fino-al-6-gennaio-2026\/\" aria-label=\"M\u00e1s informaci\u00f3n sobre Gelato Fantasy San Marco 929: tenemos abierto todo el invierno hasta el 6 de enero 2026\" tabindex=\"-1\" >\n\t\t\tsaber m\u00e1s \u00bb\t\t<\/a>\n\n\t\t\t\t<\/div>\n\t\t\t\t<div class=\"elementor-post__meta-data\">\n\t\t\t\t\t<span class=\"elementor-post-date\">\n\t\t\t26 noviembre 2025\t\t<\/span>\n\t\t\t\t<\/div>\n\t\t\t\t\t<\/div>\n\t\t<\/article>\n\t\t\t\t<article class=\"elementor-post elementor-grid-item post-2699 post type-post status-publish format-standard has-post-thumbnail hentry category-news\">\n\t\t\t<div class=\"elementor-post__card\">\n\t\t\t\t<a class=\"elementor-post__thumbnail__link\" href=\"https:\/\/gelatofantasy.it\/es\/news\/gelateria-artigianale-a-san-marco-venezia-gelato-fantasy-nel-cuore-della-citta\/\" tabindex=\"-1\" ><div class=\"elementor-post__thumbnail\"><img loading=\"lazy\" decoding=\"async\" width=\"300\" height=\"200\" src=\"https:\/\/gelatofantasy.it\/wp-content\/uploads\/2025\/07\/Copertina-GelateriaSanMarco-300x200.jpg\" class=\"attachment-medium size-medium wp-image-2696\" alt=\"\" srcset=\"https:\/\/gelatofantasy.it\/wp-content\/uploads\/2025\/07\/Copertina-GelateriaSanMarco-300x200.jpg 300w, https:\/\/gelatofantasy.it\/wp-content\/uploads\/2025\/07\/Copertina-GelateriaSanMarco-1024x683.jpg 1024w, https:\/\/gelatofantasy.it\/wp-content\/uploads\/2025\/07\/Copertina-GelateriaSanMarco-768x512.jpg 768w, https:\/\/gelatofantasy.it\/wp-content\/uploads\/2025\/07\/Copertina-GelateriaSanMarco.jpg 1200w\" sizes=\"(max-width: 300px) 100vw, 300px\" \/><\/div><\/a>\n\t\t\t\t<div class=\"elementor-post__text\">\n\t\t\t\t<h3 class=\"elementor-post__title\">\n\t\t\t<a href=\"https:\/\/gelatofantasy.it\/es\/news\/gelateria-artigianale-a-san-marco-venezia-gelato-fantasy-nel-cuore-della-citta\/\" >\n\t\t\t\tHelader\u00eda artesanal en San Marco, Venecia: Gelato Fantasy en el coraz\u00f3n de la ciudad\u00a0\t\t\t<\/a>\n\t\t<\/h3>\n\t\t\n\t\t<a class=\"elementor-post__read-more\" href=\"https:\/\/gelatofantasy.it\/es\/news\/gelateria-artigianale-a-san-marco-venezia-gelato-fantasy-nel-cuore-della-citta\/\" aria-label=\"M\u00e1s informaci\u00f3n sobre Helader\u00eda artesanal en San Marco, Venecia: Gelato Fantasy en el coraz\u00f3n de la ciudad\u00a0\" tabindex=\"-1\" >\n\t\t\tsaber m\u00e1s \u00bb\t\t<\/a>\n\n\t\t\t\t<\/div>\n\t\t\t\t<div class=\"elementor-post__meta-data\">\n\t\t\t\t\t<span class=\"elementor-post-date\">\n\t\t\t4 noviembre 2025\t\t<\/span>\n\t\t\t\t<\/div>\n\t\t\t\t\t<\/div>\n\t\t<\/article>\n\t\t\t\t<article class=\"elementor-post elementor-grid-item post-2764 post type-post status-publish format-standard has-post-thumbnail hentry category-news\">\n\t\t\t<div class=\"elementor-post__card\">\n\t\t\t\t<a class=\"elementor-post__thumbnail__link\" href=\"https:\/\/gelatofantasy.it\/es\/news\/gusti-di-gelato-autunno-da-gelato-fantasy-i-sapori-della-stagione-a-venezia\/\" tabindex=\"-1\" ><div class=\"elementor-post__thumbnail\"><img loading=\"lazy\" decoding=\"async\" width=\"300\" height=\"200\" src=\"https:\/\/gelatofantasy.it\/wp-content\/uploads\/2025\/11\/GustiAutunnali-Copertina-300x200.jpg\" class=\"attachment-medium size-medium wp-image-2755\" alt=\"\" srcset=\"https:\/\/gelatofantasy.it\/wp-content\/uploads\/2025\/11\/GustiAutunnali-Copertina-300x200.jpg 300w, https:\/\/gelatofantasy.it\/wp-content\/uploads\/2025\/11\/GustiAutunnali-Copertina-1024x683.jpg 1024w, https:\/\/gelatofantasy.it\/wp-content\/uploads\/2025\/11\/GustiAutunnali-Copertina-768x512.jpg 768w, https:\/\/gelatofantasy.it\/wp-content\/uploads\/2025\/11\/GustiAutunnali-Copertina.jpg 1200w\" sizes=\"(max-width: 300px) 100vw, 300px\" \/><\/div><\/a>\n\t\t\t\t<div class=\"elementor-post__text\">\n\t\t\t\t<h3 class=\"elementor-post__title\">\n\t\t\t<a href=\"https:\/\/gelatofantasy.it\/es\/news\/gusti-di-gelato-autunno-da-gelato-fantasy-i-sapori-della-stagione-a-venezia\/\" >\n\t\t\t\tHelados oto\u00f1ales en Gelato Fantasy: los sabores de temporada en Venecia\t\t\t<\/a>\n\t\t<\/h3>\n\t\t\n\t\t<a class=\"elementor-post__read-more\" href=\"https:\/\/gelatofantasy.it\/es\/news\/gusti-di-gelato-autunno-da-gelato-fantasy-i-sapori-della-stagione-a-venezia\/\" aria-label=\"M\u00e1s informaci\u00f3n sobre Helados oto\u00f1ales en Gelato Fantasy: los sabores de temporada en Venecia\" tabindex=\"-1\" >\n\t\t\tsaber m\u00e1s \u00bb\t\t<\/a>\n\n\t\t\t\t<\/div>\n\t\t\t\t<div class=\"elementor-post__meta-data\">\n\t\t\t\t\t<span class=\"elementor-post-date\">\n\t\t\t4 noviembre 2025\t\t<\/span>\n\t\t\t\t<\/div>\n\t\t\t\t\t<\/div>\n\t\t<\/article>\n\t\t\t\t<\/div>\n\t\t\t\t\t<span class=\"e-load-more-spinner\">\n\t\t\t\t<i aria-hidden=\"true\" class=\"fas fa-spinner\"><\/i>\t\t\t<\/span>\n\t\t\n\t\t\t\t<div class=\"e-load-more-anchor\" data-page=\"1\" data-max-page=\"3\" data-next-page=\"https:\/\/gelatofantasy.it\/es\/wp-json\/wp\/v2\/pages\/2550\/page\/2\/\"><\/div>\n\t\t\t\t<div class=\"e-load-more-message\">Non ci sono altri articoli<\/div>\n\t\t\t\t\t\t<\/div>\n\t\t\t\t<\/div>\n\t\t\t\t<\/div>\n\t\t\t\t\t<\/div>\n\t\t\t\t<\/div>\n\t\t\t\t<\/div>\n\t\t\t\t<\/div>\n\t\t\t\t\t\t<\/div>\n\t\t\t\t<\/div>\n\t\t\t\t<\/div>\n\t\t\t\t\t<\/div>\n\t\t\t\t<\/div>\n\t\t\t\t<\/div>\n\t\t","protected":false},"excerpt":{"rendered":"","protected":false},"author":1,"featured_media":0,"parent":0,"menu_order":0,"comment_status":"closed","ping_status":"closed","template":"","meta":{"footnotes":""},"class_list":["post-2550","page","type-page","status-publish","hentry"],"yoast_head":"<!-- This site is optimized with the Yoast SEO plugin v24.7 - https:\/\/yoast.com\/wordpress\/plugins\/seo\/ -->\n<title>Blog - Gelato Fantasy<\/title>\n<meta name=\"robots\" content=\"index, follow, max-snippet:-1, max-image-preview:large, max-video-preview:-1\" \/>\n<link rel=\"canonical\" href=\"https:\/\/gelatofantasy.it\/es\/blog\/\" \/>\n<meta property=\"og:locale\" content=\"es_ES\" \/>\n<meta property=\"og:type\" content=\"article\" \/>\n<meta property=\"og:title\" content=\"Blog - Gelato Fantasy\" \/>\n<meta property=\"og:url\" content=\"https:\/\/gelatofantasy.it\/es\/blog\/\" \/>\n<meta property=\"og:site_name\" content=\"Gelato Fantasy\" \/>\n<meta property=\"article:modified_time\" content=\"2025-11-11T16:05:45+00:00\" \/>\n<meta property=\"og:image\" content=\"https:\/\/gelatofantasy.it\/wp-content\/uploads\/2024\/02\/Logo-Gelato-Fantasy-tondo.png\" \/>\n\t<meta property=\"og:image:width\" content=\"400\" \/>\n\t<meta property=\"og:image:height\" content=\"394\" \/>\n\t<meta property=\"og:image:type\" content=\"image\/png\" \/>\n<meta name=\"twitter:card\" content=\"summary_large_image\" \/>\n<meta name=\"twitter:label1\" content=\"Tiempo de lectura\" \/>\n\t<meta name=\"twitter:data1\" content=\"4 minutos\" \/>\n<script type=\"application\/ld+json\" class=\"yoast-schema-graph\">{\"@context\":\"https:\/\/schema.org\",\"@graph\":[{\"@type\":\"WebPage\",\"@id\":\"https:\/\/gelatofantasy.it\/es\/blog\/\",\"url\":\"https:\/\/gelatofantasy.it\/es\/blog\/\",\"name\":\"Blog - Gelato Fantasy\",\"isPartOf\":{\"@id\":\"https:\/\/gelatofantasy.it\/es\/#website\"},\"datePublished\":\"2023-06-20T10:31:07+00:00\",\"dateModified\":\"2025-11-11T16:05:45+00:00\",\"breadcrumb\":{\"@id\":\"https:\/\/gelatofantasy.it\/es\/blog\/#breadcrumb\"},\"inLanguage\":\"es\",\"potentialAction\":[{\"@type\":\"ReadAction\",\"target\":[\"https:\/\/gelatofantasy.it\/es\/blog\/\"]}]},{\"@type\":\"BreadcrumbList\",\"@id\":\"https:\/\/gelatofantasy.it\/es\/blog\/#breadcrumb\",\"itemListElement\":[{\"@type\":\"ListItem\",\"position\":1,\"name\":\"Home\",\"item\":\"https:\/\/gelatofantasy.it\/es\/\"},{\"@type\":\"ListItem\",\"position\":2,\"name\":\"Blog\"}]},{\"@type\":\"WebSite\",\"@id\":\"https:\/\/gelatofantasy.it\/es\/#website\",\"url\":\"https:\/\/gelatofantasy.it\/es\/\",\"name\":\"Gelato Fantasy\",\"description\":\"Gelateria Artigianale a Venezia\",\"publisher\":{\"@id\":\"https:\/\/gelatofantasy.it\/es\/#organization\"},\"potentialAction\":[{\"@type\":\"SearchAction\",\"target\":{\"@type\":\"EntryPoint\",\"urlTemplate\":\"https:\/\/gelatofantasy.it\/es\/?s={search_term_string}\"},\"query-input\":{\"@type\":\"PropertyValueSpecification\",\"valueRequired\":true,\"valueName\":\"search_term_string\"}}],\"inLanguage\":\"es\"},{\"@type\":\"Organization\",\"@id\":\"https:\/\/gelatofantasy.it\/es\/#organization\",\"name\":\"Gelato Fantasy\",\"url\":\"https:\/\/gelatofantasy.it\/es\/\",\"logo\":{\"@type\":\"ImageObject\",\"inLanguage\":\"es\",\"@id\":\"https:\/\/gelatofantasy.it\/es\/#\/schema\/logo\/image\/\",\"url\":\"https:\/\/gelatofantasy.it\/wp-content\/uploads\/2024\/04\/Logo-Gelato-Fantasy-2024-Finale-Stampa-A3-Tracciati-Vettoriale-white-2.png\",\"contentUrl\":\"https:\/\/gelatofantasy.it\/wp-content\/uploads\/2024\/04\/Logo-Gelato-Fantasy-2024-Finale-Stampa-A3-Tracciati-Vettoriale-white-2.png\",\"width\":400,\"height\":293,\"caption\":\"Gelato Fantasy\"},\"image\":{\"@id\":\"https:\/\/gelatofantasy.it\/es\/#\/schema\/logo\/image\/\"}}]}<\/script>\n<!-- \/ Yoast SEO plugin. -->","yoast_head_json":{"title":"Blog - Gelato Fantasy","robots":{"index":"index","follow":"follow","max-snippet":"max-snippet:-1","max-image-preview":"max-image-preview:large","max-video-preview":"max-video-preview:-1"},"canonical":"https:\/\/gelatofantasy.it\/es\/blog\/","og_locale":"es_ES","og_type":"article","og_title":"Blog - Gelato Fantasy","og_url":"https:\/\/gelatofantasy.it\/es\/blog\/","og_site_name":"Gelato Fantasy","article_modified_time":"2025-11-11T16:05:45+00:00","og_image":[{"width":400,"height":394,"url":"https:\/\/gelatofantasy.it\/wp-content\/uploads\/2024\/02\/Logo-Gelato-Fantasy-tondo.png","type":"image\/png"}],"twitter_card":"summary_large_image","twitter_misc":{"Tiempo de lectura":"4 minutos"},"schema":{"@context":"https:\/\/schema.org","@graph":[{"@type":"WebPage","@id":"https:\/\/gelatofantasy.it\/es\/blog\/","url":"https:\/\/gelatofantasy.it\/es\/blog\/","name":"Blog - Gelato Fantasy","isPartOf":{"@id":"https:\/\/gelatofantasy.it\/es\/#website"},"datePublished":"2023-06-20T10:31:07+00:00","dateModified":"2025-11-11T16:05:45+00:00","breadcrumb":{"@id":"https:\/\/gelatofantasy.it\/es\/blog\/#breadcrumb"},"inLanguage":"es","potentialAction":[{"@type":"ReadAction","target":["https:\/\/gelatofantasy.it\/es\/blog\/"]}]},{"@type":"BreadcrumbList","@id":"https:\/\/gelatofantasy.it\/es\/blog\/#breadcrumb","itemListElement":[{"@type":"ListItem","position":1,"name":"Home","item":"https:\/\/gelatofantasy.it\/es\/"},{"@type":"ListItem","position":2,"name":"Blog"}]},{"@type":"WebSite","@id":"https:\/\/gelatofantasy.it\/es\/#website","url":"https:\/\/gelatofantasy.it\/es\/","name":"Gelato Fantasy","description":"Gelateria Artigianale a Venezia","publisher":{"@id":"https:\/\/gelatofantasy.it\/es\/#organization"},"potentialAction":[{"@type":"SearchAction","target":{"@type":"EntryPoint","urlTemplate":"https:\/\/gelatofantasy.it\/es\/?s={search_term_string}"},"query-input":{"@type":"PropertyValueSpecification","valueRequired":true,"valueName":"search_term_string"}}],"inLanguage":"es"},{"@type":"Organization","@id":"https:\/\/gelatofantasy.it\/es\/#organization","name":"Gelato Fantasy","url":"https:\/\/gelatofantasy.it\/es\/","logo":{"@type":"ImageObject","inLanguage":"es","@id":"https:\/\/gelatofantasy.it\/es\/#\/schema\/logo\/image\/","url":"https:\/\/gelatofantasy.it\/wp-content\/uploads\/2024\/04\/Logo-Gelato-Fantasy-2024-Finale-Stampa-A3-Tracciati-Vettoriale-white-2.png","contentUrl":"https:\/\/gelatofantasy.it\/wp-content\/uploads\/2024\/04\/Logo-Gelato-Fantasy-2024-Finale-Stampa-A3-Tracciati-Vettoriale-white-2.png","width":400,"height":293,"caption":"Gelato Fantasy"},"image":{"@id":"https:\/\/gelatofantasy.it\/es\/#\/schema\/logo\/image\/"}}]}},"_links":{"self":[{"href":"https:\/\/gelatofantasy.it\/es\/wp-json\/wp\/v2\/pages\/2550","targetHints":{"allow":["GET"]}}],"collection":[{"href":"https:\/\/gelatofantasy.it\/es\/wp-json\/wp\/v2\/pages"}],"about":[{"href":"https:\/\/gelatofantasy.it\/es\/wp-json\/wp\/v2\/types\/page"}],"author":[{"embeddable":true,"href":"https:\/\/gelatofantasy.it\/es\/wp-json\/wp\/v2\/users\/1"}],"replies":[{"embeddable":true,"href":"https:\/\/gelatofantasy.it\/es\/wp-json\/wp\/v2\/comments?post=2550"}],"version-history":[{"count":4,"href":"https:\/\/gelatofantasy.it\/es\/wp-json\/wp\/v2\/pages\/2550\/revisions"}],"predecessor-version":[{"id":2892,"href":"https:\/\/gelatofantasy.it\/es\/wp-json\/wp\/v2\/pages\/2550\/revisions\/2892"}],"wp:attachment":[{"href":"https:\/\/gelatofantasy.it\/es\/wp-json\/wp\/v2\/media?parent=2550"}],"curies":[{"name":"wp","href":"https:\/\/api.w.org\/{rel}","templated":true}]}}